{"id":871,"date":"2025-08-22T12:19:01","date_gmt":"2025-08-22T12:19:01","guid":{"rendered":"https:\/\/albergomarin.it\/?page_id=871"},"modified":"2025-10-13T07:14:04","modified_gmt":"2025-10-13T07:14:04","slug":"contactenos","status":"publish","type":"page","link":"https:\/\/albergomarin.it\/es\/contactenos\/","title":{"rendered":"Cont\u00e1ctenos"},"content":{"rendered":"\n<h3 class=\"wp-block-heading\">Estamos a su servicio<\/h3>\n\n\n\n<p>\u00bfNecesita m\u00e1s informaci\u00f3n, desea solicitar un presupuesto o simplemente ponerse en contacto con nosotros?<br>Estamos a su completa disposici\u00f3n para ayudarle a organizar su estancia de la mejor manera posible. En esta p\u00e1gina encontrar\u00e1 todos nuestros datos de contacto: tel\u00e9fono, correo electr\u00f3nico y direcci\u00f3n. Tambi\u00e9n puede utilizar el formulario para enviarnos un mensaje directamente.<br>Le responderemos lo antes posible con la mayor cortes\u00eda y atenci\u00f3n.<\/p>\n\n\n\n<div class=\"wp-block-columns is-layout-flex wp-container-core-columns-is-layout-9d6595d7 wp-block-columns-is-layout-flex\">\n<div class=\"wp-block-column is-layout-flow wp-block-column-is-layout-flow\">\n<h4 class=\"wp-block-heading\">Albergo Marin<\/h4>\n\n\n\n<p>Ramo alle Chioverete, 670\/B<br>S.Croce, Venezia VE<br>Tel: <a href=\"tel:+39041718022\" data-type=\"page\" data-id=\"763\" target=\"_blank\" rel=\"noreferrer noopener\">+39 041718022<\/a><br>Email: <a href=\"mailto:info@albergomarin.it\">info@albergomarin.it<\/a><\/p>\n\n\n\n<p><a href=\"\/es\/?page_id=890\" data-type=\"page\" data-id=\"521\">Vedi Mappa<\/a><\/p>\n<\/div>\n\n\n\n<div class=\"wp-block-column is-layout-flow wp-block-column-is-layout-flow\">\n<h4 class=\"wp-block-heading\">Hours<\/h4>\n\n\n\n<p><strong>Check in:<\/strong>\u00a0desde 13:00 <br><br><strong>Check out:\u00a0<\/strong>hasta las 11:00<br><br><strong>Breakfast:<\/strong>\u00a0de las 7:00 a las 10:00<\/p>\n\n\n\n<p><\/p>\n<\/div>\n<\/div>\n\n\n\n<p><\/p>\n","protected":false},"excerpt":{"rendered":"<p>Estamos a su servicio \u00bfNecesita m\u00e1s informaci\u00f3n, desea solicitar un presupuesto o simplemente ponerse en contacto con nosotros?Estamos a su completa disposici\u00f3n para ayudarle a organizar su estancia de la mejor manera posible. En esta p\u00e1gina encontrar\u00e1 todos nuestros datos de contacto: tel\u00e9fono, correo electr\u00f3nico y direcci\u00f3n. Tambi\u00e9n puede utilizar el formulario para enviarnos un [&hellip;]<\/p>\n","protected":false},"author":1,"featured_media":0,"parent":0,"menu_order":0,"comment_status":"closed","ping_status":"closed","template":"","meta":{"_acf_changed":false,"footnotes":""},"class_list":["post-871","page","type-page","status-publish","hentry"],"acf":[],"_links":{"self":[{"href":"https:\/\/albergomarin.it\/es\/wp-json\/wp\/v2\/pages\/871","targetHints":{"allow":["GET"]}}],"collection":[{"href":"https:\/\/albergomarin.it\/es\/wp-json\/wp\/v2\/pages"}],"about":[{"href":"https:\/\/albergomarin.it\/es\/wp-json\/wp\/v2\/types\/page"}],"author":[{"embeddable":true,"href":"https:\/\/albergomarin.it\/es\/wp-json\/wp\/v2\/users\/1"}],"replies":[{"embeddable":true,"href":"https:\/\/albergomarin.it\/es\/wp-json\/wp\/v2\/comments?post=871"}],"version-history":[{"count":9,"href":"https:\/\/albergomarin.it\/es\/wp-json\/wp\/v2\/pages\/871\/revisions"}],"predecessor-version":[{"id":1484,"href":"https:\/\/albergomarin.it\/es\/wp-json\/wp\/v2\/pages\/871\/revisions\/1484"}],"wp:attachment":[{"href":"https:\/\/albergomarin.it\/es\/wp-json\/wp\/v2\/media?parent=871"}],"curies":[{"name":"wp","href":"https:\/\/api.w.org\/{rel}","templated":true}]}}