{"id":890,"date":"2025-08-21T13:19:20","date_gmt":"2025-08-21T13:19:20","guid":{"rendered":"https:\/\/albergomarin.it\/?page_id=890"},"modified":"2026-02-11T16:54:36","modified_gmt":"2026-02-11T16:54:36","slug":"ubicacion","status":"publish","type":"page","link":"https:\/\/albergomarin.it\/es\/ubicacion\/","title":{"rendered":"Ubicaci\u00f3n"},"content":{"rendered":"\n<h2 class=\"wp-block-heading\">Hotel Marin cuenta con una ubicaci\u00f3n estrat\u00e9gica, f\u00e1cilmente accesible desde todos los puntos de entrada.<\/h2>\n\n\n\n<p><\/p>\n","protected":false},"excerpt":{"rendered":"<p>Hotel Marin cuenta con una ubicaci\u00f3n estrat\u00e9gica, f\u00e1cilmente accesible desde todos los puntos de entrada.<\/p>\n","protected":false},"author":1,"featured_media":0,"parent":0,"menu_order":0,"comment_status":"closed","ping_status":"closed","template":"templates\/dove-siamo.php","meta":{"_acf_changed":false,"footnotes":""},"class_list":["post-890","page","type-page","status-publish","hentry"],"acf":[],"_links":{"self":[{"href":"https:\/\/albergomarin.it\/es\/wp-json\/wp\/v2\/pages\/890","targetHints":{"allow":["GET"]}}],"collection":[{"href":"https:\/\/albergomarin.it\/es\/wp-json\/wp\/v2\/pages"}],"about":[{"href":"https:\/\/albergomarin.it\/es\/wp-json\/wp\/v2\/types\/page"}],"author":[{"embeddable":true,"href":"https:\/\/albergomarin.it\/es\/wp-json\/wp\/v2\/users\/1"}],"replies":[{"embeddable":true,"href":"https:\/\/albergomarin.it\/es\/wp-json\/wp\/v2\/comments?post=890"}],"version-history":[{"count":3,"href":"https:\/\/albergomarin.it\/es\/wp-json\/wp\/v2\/pages\/890\/revisions"}],"predecessor-version":[{"id":1571,"href":"https:\/\/albergomarin.it\/es\/wp-json\/wp\/v2\/pages\/890\/revisions\/1571"}],"wp:attachment":[{"href":"https:\/\/albergomarin.it\/es\/wp-json\/wp\/v2\/media?parent=890"}],"curies":[{"name":"wp","href":"https:\/\/api.w.org\/{rel}","templated":true}]}}