{"id":12111,"date":"2026-02-20T15:53:40","date_gmt":"2026-02-20T15:53:40","guid":{"rendered":"https:\/\/albergomarin.it\/?page_id=12111"},"modified":"2026-02-23T09:37:43","modified_gmt":"2026-02-23T09:37:43","slug":"hotel-pour-une-premiere-fois-a-venise","status":"publish","type":"page","link":"https:\/\/albergomarin.it\/fr\/hotel-pour-une-premiere-fois-a-venise\/","title":{"rendered":"H\u00f4tel pour une premi\u00e8re fois \u00e0 Venise"},"content":{"rendered":"<p><strong>H\u00f4tel pour une premi\u00e8re fois \u00e0 Venise<\/strong> est l\u2019une des recherches les plus courantes effectu\u00e9es par les voyageurs qui planifient leur toute premi\u00e8re visite dans la ville. Venise est unique, magnifique et diff\u00e9rente de toute autre destination. Si c\u2019est votre premi\u00e8re visite, choisir le bon <strong>h\u00f4tel pour une premi\u00e8re fois \u00e0 Venise<\/strong> peut faire une grande diff\u00e9rence. De nombreux primo-visiteurs recherchent un h\u00f4tel facile d\u2019acc\u00e8s, bien desservi et situ\u00e9 dans un quartier calme, tout en permettant un acc\u00e8s simple aux principales attractions. L\u2019Albergo Marin est souvent choisi pr\u00e9cis\u00e9ment pour ces raisons.<\/p>\n<h2>Pourquoi les primo-visiteurs ont besoin d\u2019un h\u00f4tel pratique<\/h2>\n<p>Venise n\u2019a pas de voitures, poss\u00e8de de nombreux ponts et un plan urbain complexe. Pour ceux qui visitent la ville pour la premi\u00e8re fois, cela peut sembler d\u00e9routant au d\u00e9but. Un bon <strong>h\u00f4tel pour une premi\u00e8re fois \u00e0 Venise<\/strong> aide \u00e0 r\u00e9duire le stress d\u00e8s l\u2019arriv\u00e9e.<\/p>\n<p>Pouvoir rejoindre facilement l\u2019h\u00f4tel, comprendre comment se d\u00e9placer et se reposer dans un environnement calme rend l\u2019exp\u00e9rience plus agr\u00e9able et d\u00e9tendue.<\/p>\n<h2>Orientation facile et bonnes connexions<\/h2>\n<p>Les primo-visiteurs pr\u00e9f\u00e8rent souvent un h\u00f4tel qui leur permet de d\u00e9couvrir la ville progressivement. S\u00e9journer dans un <strong>h\u00f4tel pour une premi\u00e8re fois \u00e0 Venise<\/strong> bien desservi aide les clients \u00e0 explorer Venise \u00e9tape par \u00e9tape, sans se sentir perdus.<\/p>\n<p>Depuis l\u2019Albergo Marin, les clients peuvent rejoindre les principales zones de Venise sans itin\u00e9raires compliqu\u00e9s, ce qui facilite l\u2019organisation des journ\u00e9es.<\/p>\n<h2>Soir\u00e9es calmes apr\u00e8s des journ\u00e9es intenses<\/h2>\n<p>En journ\u00e9e, Venise peut \u00eatre anim\u00e9e et fr\u00e9quent\u00e9e. Les primo-visiteurs passent g\u00e9n\u00e9ralement de nombreuses heures \u00e0 marcher et visiter. Revenir le soir dans un h\u00f4tel calme et confortable fait partie int\u00e9grante de l\u2019exp\u00e9rience.<\/p>\n<p>Un <strong>h\u00f4tel pour une premi\u00e8re fois \u00e0 Venise<\/strong> doit offrir des nuits paisibles, une communication claire et une atmosph\u00e8re accueillante.<\/p>\n<h2>Id\u00e9al pour les couples et les voyageurs matures<\/h2>\n<p>De nombreux primo-visiteurs sont des couples ou des voyageurs matures qui appr\u00e9cient le confort et la simplicit\u00e9. L\u2019Albergo Marin est appr\u00e9ci\u00e9 par les clients qui souhaitent un s\u00e9jour simple, sans complexit\u00e9 inutile.<\/p>\n<h2>Pages li\u00e9es pour mieux organiser votre s\u00e9jour<\/h2>\n<ul>\n<li><a href=\"https:\/\/albergomarin.it\/fr\/hotel-facile-dacces-a-venise\/\">H\u00f4tel facile d\u2019acc\u00e8s \u00e0 Venise<\/a><\/li>\n<li><a href=\"https:\/\/albergomarin.it\/fr\/hotel-central-et-calme-a-venise\/\">H\u00f4tel central et calme \u00e0 Venise<\/a><\/li>\n<li><a href=\"https:\/\/albergomarin.it\/fr\/hotel-pres-de-la-gare-santa-lucia\/\">H\u00f4tel pr\u00e8s de la gare Santa Lucia<\/a><\/li>\n<\/ul>\n<h2>FAQ<\/h2>\n\n<div id=\"rank-math-faq\" class=\"rank-math-block\">\n<div class=\"rank-math-list \">\n<div id=\"faq-9001-1\" class=\"rank-math-list-item\">\n<h3 class=\"rank-math-question \">L\u2019Albergo Marin est-il adapt\u00e9 aux primo-visiteurs de Venise ?<\/h3>\n<div class=\"rank-math-answer \">\n\n<p>Oui. De nombreux clients choisissent l\u2019Albergo Marin comme h\u00f4tel pour une premi\u00e8re fois \u00e0 Venise car il est facile d\u2019acc\u00e8s et calme.<\/p>\n\n<\/div>\n<\/div>\n<div id=\"faq-9001-2\" class=\"rank-math-list-item\">\n<h3 class=\"rank-math-question \">Le quartier est-il facile \u00e0 comprendre pour une premi\u00e8re visite ?<\/h3>\n<div class=\"rank-math-answer \">\n\n<p>Oui. Le quartier permet une orientation simple et offre de bonnes connexions vers les principales attractions.<\/p>\n\n<\/div>\n<\/div>\n<div id=\"faq-9001-3\" class=\"rank-math-list-item\">\n<h3 class=\"rank-math-question \">Cet h\u00f4tel convient-il aux couples visitant Venise pour la premi\u00e8re fois ?<\/h3>\n<div class=\"rank-math-answer \">\n\n<p>Oui. Les couples appr\u00e9cient l\u2019atmosph\u00e8re paisible et l\u2019emplacement pratique.<\/p>\n\n<\/div>\n<\/div>\n<div id=\"faq-9001-4\" class=\"rank-math-list-item\">\n<h3 class=\"rank-math-question \">Pourquoi r\u00e9server en direct pour une premi\u00e8re visite \u00e0 Venise ?<\/h3>\n<div class=\"rank-math-answer \">\n\n<p>La r\u00e9servation directe garantit une communication claire et des informations utiles avant l\u2019arriv\u00e9e.<\/p>\n\n<\/div>\n<\/div>\n<\/div>\n<\/div>\n\n<p><em>R\u00e9servez directement sur le site officiel pour b\u00e9n\u00e9ficier du meilleur tarif.<\/em><\/p>","protected":false},"excerpt":{"rendered":"<p>H\u00f4tel pour une premi\u00e8re fois \u00e0 Venise est l\u2019une des recherches les plus courantes effectu\u00e9es par les voyageurs qui planifient leur toute premi\u00e8re visite dans la ville. Venise est unique, magnifique et diff\u00e9rente de toute autre destination. Si c\u2019est votre premi\u00e8re visite, choisir le bon h\u00f4tel pour une premi\u00e8re fois \u00e0 Venise peut faire une [&hellip;]<\/p>\n","protected":false},"author":1,"featured_media":12220,"parent":0,"menu_order":0,"comment_status":"closed","ping_status":"closed","template":"","meta":{"_acf_changed":false,"footnotes":""},"class_list":["post-12111","page","type-page","status-publish","has-post-thumbnail","hentry"],"acf":[],"_links":{"self":[{"href":"https:\/\/albergomarin.it\/fr\/wp-json\/wp\/v2\/pages\/12111","targetHints":{"allow":["GET"]}}],"collection":[{"href":"https:\/\/albergomarin.it\/fr\/wp-json\/wp\/v2\/pages"}],"about":[{"href":"https:\/\/albergomarin.it\/fr\/wp-json\/wp\/v2\/types\/page"}],"author":[{"embeddable":true,"href":"https:\/\/albergomarin.it\/fr\/wp-json\/wp\/v2\/users\/1"}],"replies":[{"embeddable":true,"href":"https:\/\/albergomarin.it\/fr\/wp-json\/wp\/v2\/comments?post=12111"}],"version-history":[{"count":3,"href":"https:\/\/albergomarin.it\/fr\/wp-json\/wp\/v2\/pages\/12111\/revisions"}],"predecessor-version":[{"id":12381,"href":"https:\/\/albergomarin.it\/fr\/wp-json\/wp\/v2\/pages\/12111\/revisions\/12381"}],"wp:featuredmedia":[{"embeddable":true,"href":"https:\/\/albergomarin.it\/fr\/wp-json\/wp\/v2\/media\/12220"}],"wp:attachment":[{"href":"https:\/\/albergomarin.it\/fr\/wp-json\/wp\/v2\/media?parent=12111"}],"curies":[{"name":"wp","href":"https:\/\/api.w.org\/{rel}","templated":true}]}}