{"id":867,"date":"2025-08-22T12:19:01","date_gmt":"2025-08-22T12:19:01","guid":{"rendered":"https:\/\/albergomarin.it\/?page_id=867"},"modified":"2025-10-13T07:12:02","modified_gmt":"2025-10-13T07:12:02","slug":"contactez-nous","status":"publish","type":"page","link":"https:\/\/albergomarin.it\/fr\/contactez-nous\/","title":{"rendered":"Contactez-nous"},"content":{"rendered":"\n<h2 class=\"wp-block-heading\">Nous sommes \u00e0 votre service<\/h2>\n\n\n\n<p>Avez-vous besoin de plus d\u2019informations, souhaitez-vous demander un devis ou simplement nous contacter ?<br>Nous sommes \u00e0 votre enti\u00e8re disposition pour vous aider \u00e0 organiser au mieux votre s\u00e9jour. Sur cette page, vous trouverez toutes nos coordonn\u00e9es&nbsp;: t\u00e9l\u00e9phone, email et adresse. Vous pouvez \u00e9galement utiliser le formulaire pour nous envoyer un message directement.<br>Nous reviendrons vers vous d\u00e8s que possible avec la plus grande courtoisie et attention.<\/p>\n\n\n\n<div class=\"wp-block-columns is-layout-flex wp-container-core-columns-is-layout-9d6595d7 wp-block-columns-is-layout-flex\">\n<div class=\"wp-block-column is-layout-flow wp-block-column-is-layout-flow\">\n<h4 class=\"wp-block-heading\">Albergo Marin<\/h4>\n\n\n\n<p>Ramo alle Chioverete, 670\/B<br>S.Croce, Venezia VE<br>Tel: <a href=\"tel:+39041718022\" data-type=\"page\" data-id=\"763\" target=\"_blank\" rel=\"noreferrer noopener\">+39 041718022<\/a><br>Email: <a href=\"mailto:info@albergomarin.it\">info@albergomarin.it<\/a><\/p>\n\n\n\n<p><a href=\"\/fr\/?page_id=875\" data-type=\"page\" data-id=\"521\">Vedi Mappa<\/a><\/p>\n<\/div>\n\n\n\n<div class=\"wp-block-column is-layout-flow wp-block-column-is-layout-flow\">\n<h4 class=\"wp-block-heading\">Hours<\/h4>\n\n\n\n<p><strong>Check in:<\/strong>&nbsp;\u00e0 partir de 13h <br><br><strong>Check out:&nbsp;<\/strong>jusqu\u2019\u00e0 11h<br><br><strong>Breakfast:<\/strong>&nbsp;de 7 h \u00e0 10 h<\/p>\n\n\n\n<p><\/p>\n<\/div>\n<\/div>\n\n\n\n<p><\/p>\n","protected":false},"excerpt":{"rendered":"<p>Nous sommes \u00e0 votre service Avez-vous besoin de plus d\u2019informations, souhaitez-vous demander un devis ou simplement nous contacter ?Nous sommes \u00e0 votre enti\u00e8re disposition pour vous aider \u00e0 organiser au mieux votre s\u00e9jour. Sur cette page, vous trouverez toutes nos coordonn\u00e9es&nbsp;: t\u00e9l\u00e9phone, email et adresse. Vous pouvez \u00e9galement utiliser le formulaire pour nous envoyer un [&hellip;]<\/p>\n","protected":false},"author":1,"featured_media":0,"parent":0,"menu_order":0,"comment_status":"closed","ping_status":"closed","template":"","meta":{"_acf_changed":false,"footnotes":""},"class_list":["post-867","page","type-page","status-publish","hentry"],"acf":[],"_links":{"self":[{"href":"https:\/\/albergomarin.it\/fr\/wp-json\/wp\/v2\/pages\/867","targetHints":{"allow":["GET"]}}],"collection":[{"href":"https:\/\/albergomarin.it\/fr\/wp-json\/wp\/v2\/pages"}],"about":[{"href":"https:\/\/albergomarin.it\/fr\/wp-json\/wp\/v2\/types\/page"}],"author":[{"embeddable":true,"href":"https:\/\/albergomarin.it\/fr\/wp-json\/wp\/v2\/users\/1"}],"replies":[{"embeddable":true,"href":"https:\/\/albergomarin.it\/fr\/wp-json\/wp\/v2\/comments?post=867"}],"version-history":[{"count":7,"href":"https:\/\/albergomarin.it\/fr\/wp-json\/wp\/v2\/pages\/867\/revisions"}],"predecessor-version":[{"id":1482,"href":"https:\/\/albergomarin.it\/fr\/wp-json\/wp\/v2\/pages\/867\/revisions\/1482"}],"wp:attachment":[{"href":"https:\/\/albergomarin.it\/fr\/wp-json\/wp\/v2\/media?parent=867"}],"curies":[{"name":"wp","href":"https:\/\/api.w.org\/{rel}","templated":true}]}}